{"id":17,"date":"2025-09-25T12:03:58","date_gmt":"2025-09-25T12:03:58","guid":{"rendered":"https:\/\/alkaliastudio.com\/?page_id=17"},"modified":"2026-04-09T13:58:14","modified_gmt":"2026-04-09T13:58:14","slug":"galeria-meble","status":"publish","type":"page","link":"https:\/\/alkaliastudio.com\/index.php\/galeria-meble\/","title":{"rendered":"Galeria &#8211; Meble"},"content":{"rendered":"\n<div class=\"wp-block-group alignwide has-global-padding is-layout-constrained wp-block-group-is-layout-constrained\">\n<figure class=\"wp-block-pullquote\"><blockquote><p>Us\u0142ugi Stolarskie<\/p><cite>Galeria moich realizacji pokazuje, \u017ce ka\u017cde wn\u0119trze mo\u017ce by\u0107 wyj\u0105tkowe. Zobacz przyk\u0142ady prac, kt\u00f3re wykona\u0142em dla moich klient\u00f3w.<\/cite><\/blockquote><\/figure>\n<\/div>\n\n\n\n<div class=\"wp-block-group alignfull has-global-padding is-layout-constrained wp-container-core-group-is-layout-b25ccd55 wp-block-group-is-layout-constrained\" style=\"margin-top:0;margin-bottom:0;padding-top:var(--wp--preset--spacing--50);padding-right:var(--wp--preset--spacing--50);padding-bottom:var(--wp--preset--spacing--50);padding-left:var(--wp--preset--spacing--50)\">\n<div class=\"wp-block-columns alignwide is-layout-flex wp-container-core-columns-is-layout-ff4b9c61 wp-block-columns-is-layout-flex\" style=\"margin-top:0;margin-bottom:0\">\n<div class=\"wp-block-column is-layout-flow wp-container-core-column-is-layout-8a368f38 wp-block-column-is-layout-flow\">\n<figure class=\"wp-block-image size-large is-style-rounded is-style-rounded--1\"><img loading=\"lazy\" decoding=\"async\" width=\"768\" height=\"1024\" src=\"https:\/\/alkaliastudio.com\/wp-content\/uploads\/2025\/09\/garderoba_korytarz_2-768x1024.jpeg\" alt=\"\" class=\"wp-image-18\" style=\"aspect-ratio:4\/3;object-fit:cover\" srcset=\"https:\/\/alkaliastudio.com\/wp-content\/uploads\/2025\/09\/garderoba_korytarz_2-768x1024.jpeg 768w, https:\/\/alkaliastudio.com\/wp-content\/uploads\/2025\/09\/garderoba_korytarz_2-225x300.jpeg 225w, https:\/\/alkaliastudio.com\/wp-content\/uploads\/2025\/09\/garderoba_korytarz_2-1152x1536.jpeg 1152w, https:\/\/alkaliastudio.com\/wp-content\/uploads\/2025\/09\/garderoba_korytarz_2.jpeg 1200w\" sizes=\"auto, (max-width: 768px) 100vw, 768px\" \/><\/figure>\n\n\n\n<div style=\"height:var(--wp--preset--spacing--50)\" aria-hidden=\"true\" class=\"wp-block-spacer\"><\/div>\n\n\n\n<figure class=\"wp-block-image size-large is-style-rounded is-style-rounded--2\"><img loading=\"lazy\" decoding=\"async\" width=\"1024\" height=\"768\" src=\"https:\/\/alkaliastudio.com\/wp-content\/uploads\/2025\/09\/regal_metalowy-1024x768.jpeg\" alt=\"\" class=\"wp-image-22\" style=\"aspect-ratio:3\/4;object-fit:cover\" srcset=\"https:\/\/alkaliastudio.com\/wp-content\/uploads\/2025\/09\/regal_metalowy-1024x768.jpeg 1024w, https:\/\/alkaliastudio.com\/wp-content\/uploads\/2025\/09\/regal_metalowy-300x225.jpeg 300w, https:\/\/alkaliastudio.com\/wp-content\/uploads\/2025\/09\/regal_metalowy-768x576.jpeg 768w, https:\/\/alkaliastudio.com\/wp-content\/uploads\/2025\/09\/regal_metalowy-1536x1152.jpeg 1536w, https:\/\/alkaliastudio.com\/wp-content\/uploads\/2025\/09\/regal_metalowy.jpeg 1600w\" sizes=\"auto, (max-width: 1024px) 100vw, 1024px\" \/><\/figure>\n\n\n\n<div style=\"height:var(--wp--preset--spacing--50)\" aria-hidden=\"true\" class=\"wp-block-spacer\"><\/div>\n\n\n\n<figure class=\"wp-block-image size-large is-style-rounded is-style-rounded--3\"><img loading=\"lazy\" decoding=\"async\" width=\"768\" height=\"1024\" src=\"https:\/\/alkaliastudio.com\/wp-content\/uploads\/2026\/01\/20260111_115936-1-768x1024.jpg\" alt=\"\" class=\"wp-image-149\" style=\"aspect-ratio:3\/4;object-fit:cover\" srcset=\"https:\/\/alkaliastudio.com\/wp-content\/uploads\/2026\/01\/20260111_115936-1-768x1024.jpg 768w, https:\/\/alkaliastudio.com\/wp-content\/uploads\/2026\/01\/20260111_115936-1-225x300.jpg 225w, https:\/\/alkaliastudio.com\/wp-content\/uploads\/2026\/01\/20260111_115936-1-1152x1536.jpg 1152w, https:\/\/alkaliastudio.com\/wp-content\/uploads\/2026\/01\/20260111_115936-1-1536x2048.jpg 1536w, https:\/\/alkaliastudio.com\/wp-content\/uploads\/2026\/01\/20260111_115936-1-scaled.jpg 1920w\" sizes=\"auto, (max-width: 768px) 100vw, 768px\" \/><\/figure>\n<\/div>\n\n\n\n<div class=\"wp-block-column is-layout-flow wp-container-core-column-is-layout-8a368f38 wp-block-column-is-layout-flow\">\n<hr class=\"wp-block-separator has-alpha-channel-opacity\"\/>\n\n\n\n<figure class=\"wp-block-image size-large is-style-rounded is-style-rounded--4\"><img loading=\"lazy\" decoding=\"async\" width=\"768\" height=\"1024\" src=\"https:\/\/alkaliastudio.com\/wp-content\/uploads\/2025\/09\/garderoba_korytarz-768x1024.jpeg\" alt=\"\" class=\"wp-image-19\" style=\"aspect-ratio:3\/4;object-fit:cover\" srcset=\"https:\/\/alkaliastudio.com\/wp-content\/uploads\/2025\/09\/garderoba_korytarz-768x1024.jpeg 768w, https:\/\/alkaliastudio.com\/wp-content\/uploads\/2025\/09\/garderoba_korytarz-225x300.jpeg 225w, https:\/\/alkaliastudio.com\/wp-content\/uploads\/2025\/09\/garderoba_korytarz-1152x1536.jpeg 1152w, https:\/\/alkaliastudio.com\/wp-content\/uploads\/2025\/09\/garderoba_korytarz.jpeg 1200w\" sizes=\"auto, (max-width: 768px) 100vw, 768px\" \/><\/figure>\n\n\n\n<div style=\"height:var(--wp--preset--spacing--50)\" aria-hidden=\"true\" class=\"wp-block-spacer\"><\/div>\n\n\n\n<figure class=\"wp-block-image size-large is-style-rounded is-style-rounded--5\"><img loading=\"lazy\" decoding=\"async\" width=\"768\" height=\"1024\" src=\"https:\/\/alkaliastudio.com\/wp-content\/uploads\/2025\/09\/lazienka_zabudowa-pralki-768x1024.jpeg\" alt=\"\" class=\"wp-image-23\" style=\"aspect-ratio:1;object-fit:cover\" srcset=\"https:\/\/alkaliastudio.com\/wp-content\/uploads\/2025\/09\/lazienka_zabudowa-pralki-768x1024.jpeg 768w, https:\/\/alkaliastudio.com\/wp-content\/uploads\/2025\/09\/lazienka_zabudowa-pralki-225x300.jpeg 225w, https:\/\/alkaliastudio.com\/wp-content\/uploads\/2025\/09\/lazienka_zabudowa-pralki-1152x1536.jpeg 1152w, https:\/\/alkaliastudio.com\/wp-content\/uploads\/2025\/09\/lazienka_zabudowa-pralki.jpeg 1200w\" sizes=\"auto, (max-width: 768px) 100vw, 768px\" \/><\/figure>\n\n\n\n<div style=\"height:var(--wp--preset--spacing--50)\" aria-hidden=\"true\" class=\"wp-block-spacer\"><\/div>\n\n\n\n<figure class=\"wp-block-image size-large is-style-rounded is-style-rounded--6\"><img loading=\"lazy\" decoding=\"async\" width=\"1024\" height=\"768\" src=\"https:\/\/alkaliastudio.com\/wp-content\/uploads\/2026\/01\/20260111_131333-1-1024x768.jpg\" alt=\"\" class=\"wp-image-154\" style=\"aspect-ratio:1;object-fit:cover\" srcset=\"https:\/\/alkaliastudio.com\/wp-content\/uploads\/2026\/01\/20260111_131333-1-1024x768.jpg 1024w, https:\/\/alkaliastudio.com\/wp-content\/uploads\/2026\/01\/20260111_131333-1-300x225.jpg 300w, https:\/\/alkaliastudio.com\/wp-content\/uploads\/2026\/01\/20260111_131333-1-768x576.jpg 768w, https:\/\/alkaliastudio.com\/wp-content\/uploads\/2026\/01\/20260111_131333-1-1536x1152.jpg 1536w, https:\/\/alkaliastudio.com\/wp-content\/uploads\/2026\/01\/20260111_131333-1-2048x1536.jpg 2048w\" sizes=\"auto, (max-width: 1024px) 100vw, 1024px\" \/><\/figure>\n<\/div>\n\n\n\n<div class=\"wp-block-column is-layout-flow wp-container-core-column-is-layout-8a368f38 wp-block-column-is-layout-flow\">\n<figure class=\"wp-block-image size-large is-style-rounded is-style-rounded--7\"><img loading=\"lazy\" decoding=\"async\" width=\"768\" height=\"1024\" src=\"https:\/\/alkaliastudio.com\/wp-content\/uploads\/2025\/09\/kuchnia_1-768x1024.jpeg\" alt=\"\" class=\"wp-image-20\" style=\"aspect-ratio:3\/4;object-fit:cover\" srcset=\"https:\/\/alkaliastudio.com\/wp-content\/uploads\/2025\/09\/kuchnia_1-768x1024.jpeg 768w, https:\/\/alkaliastudio.com\/wp-content\/uploads\/2025\/09\/kuchnia_1-225x300.jpeg 225w, https:\/\/alkaliastudio.com\/wp-content\/uploads\/2025\/09\/kuchnia_1-1152x1536.jpeg 1152w, https:\/\/alkaliastudio.com\/wp-content\/uploads\/2025\/09\/kuchnia_1.jpeg 1200w\" sizes=\"auto, (max-width: 768px) 100vw, 768px\" \/><\/figure>\n\n\n\n<div style=\"height:var(--wp--preset--spacing--50)\" aria-hidden=\"true\" class=\"wp-block-spacer\"><\/div>\n\n\n\n<figure class=\"wp-block-image size-large is-style-rounded is-style-rounded--8\"><img loading=\"lazy\" decoding=\"async\" width=\"1024\" height=\"768\" src=\"http:\/\/alkaliastudio.com\/wp-content\/uploads\/2026\/01\/20260111_131113-1024x768.jpg\" alt=\"\" class=\"wp-image-137\" style=\"aspect-ratio:3\/4;object-fit:cover\" srcset=\"https:\/\/alkaliastudio.com\/wp-content\/uploads\/2026\/01\/20260111_131113-1024x768.jpg 1024w, https:\/\/alkaliastudio.com\/wp-content\/uploads\/2026\/01\/20260111_131113-300x225.jpg 300w, https:\/\/alkaliastudio.com\/wp-content\/uploads\/2026\/01\/20260111_131113-768x576.jpg 768w, https:\/\/alkaliastudio.com\/wp-content\/uploads\/2026\/01\/20260111_131113-1536x1152.jpg 1536w, https:\/\/alkaliastudio.com\/wp-content\/uploads\/2026\/01\/20260111_131113-2048x1536.jpg 2048w\" sizes=\"auto, (max-width: 1024px) 100vw, 1024px\" \/><\/figure>\n\n\n\n<div style=\"height:var(--wp--preset--spacing--50)\" aria-hidden=\"true\" class=\"wp-block-spacer\"><\/div>\n<\/div>\n\n\n\n<div class=\"wp-block-column is-layout-flow wp-container-core-column-is-layout-8a368f38 wp-block-column-is-layout-flow\">\n<div style=\"height:var(--wp--preset--spacing--50)\" aria-hidden=\"true\" class=\"wp-block-spacer\"><\/div>\n\n\n\n<figure class=\"wp-block-image size-large is-style-rounded is-style-rounded--9\"><img loading=\"lazy\" decoding=\"async\" width=\"768\" height=\"1024\" src=\"https:\/\/alkaliastudio.com\/wp-content\/uploads\/2025\/09\/kuchnia_2-768x1024.jpeg\" alt=\"\" class=\"wp-image-21\" style=\"aspect-ratio:1;object-fit:cover\" srcset=\"https:\/\/alkaliastudio.com\/wp-content\/uploads\/2025\/09\/kuchnia_2-768x1024.jpeg 768w, https:\/\/alkaliastudio.com\/wp-content\/uploads\/2025\/09\/kuchnia_2-225x300.jpeg 225w, https:\/\/alkaliastudio.com\/wp-content\/uploads\/2025\/09\/kuchnia_2-1152x1536.jpeg 1152w, https:\/\/alkaliastudio.com\/wp-content\/uploads\/2025\/09\/kuchnia_2.jpeg 1200w\" sizes=\"auto, (max-width: 768px) 100vw, 768px\" \/><\/figure>\n\n\n\n<div style=\"height:var(--wp--preset--spacing--50)\" aria-hidden=\"true\" class=\"wp-block-spacer\"><\/div>\n\n\n\n<figure class=\"wp-block-image size-large is-style-rounded is-style-rounded--10\"><img loading=\"lazy\" decoding=\"async\" width=\"768\" height=\"1024\" src=\"https:\/\/alkaliastudio.com\/wp-content\/uploads\/2026\/01\/20260111_130557-768x1024.jpg\" alt=\"\" class=\"wp-image-142\" style=\"aspect-ratio:16\/9;object-fit:cover\" srcset=\"https:\/\/alkaliastudio.com\/wp-content\/uploads\/2026\/01\/20260111_130557-768x1024.jpg 768w, https:\/\/alkaliastudio.com\/wp-content\/uploads\/2026\/01\/20260111_130557-225x300.jpg 225w, https:\/\/alkaliastudio.com\/wp-content\/uploads\/2026\/01\/20260111_130557-1152x1536.jpg 1152w, https:\/\/alkaliastudio.com\/wp-content\/uploads\/2026\/01\/20260111_130557-1536x2048.jpg 1536w, https:\/\/alkaliastudio.com\/wp-content\/uploads\/2026\/01\/20260111_130557-scaled.jpg 1920w\" sizes=\"auto, (max-width: 768px) 100vw, 768px\" \/><\/figure>\n\n\n\n<div style=\"height:var(--wp--preset--spacing--50)\" aria-hidden=\"true\" class=\"wp-block-spacer\"><\/div>\n\n\n\n<figure class=\"wp-block-image size-large is-style-rounded is-style-rounded--11\"><img loading=\"lazy\" decoding=\"async\" width=\"768\" height=\"1024\" src=\"https:\/\/alkaliastudio.com\/wp-content\/uploads\/2026\/01\/20260111_130913-1-768x1024.jpg\" alt=\"\" class=\"wp-image-153\" style=\"aspect-ratio:9\/16;object-fit:cover\" srcset=\"https:\/\/alkaliastudio.com\/wp-content\/uploads\/2026\/01\/20260111_130913-1-768x1024.jpg 768w, https:\/\/alkaliastudio.com\/wp-content\/uploads\/2026\/01\/20260111_130913-1-225x300.jpg 225w, https:\/\/alkaliastudio.com\/wp-content\/uploads\/2026\/01\/20260111_130913-1-1152x1536.jpg 1152w, https:\/\/alkaliastudio.com\/wp-content\/uploads\/2026\/01\/20260111_130913-1-1536x2048.jpg 1536w, https:\/\/alkaliastudio.com\/wp-content\/uploads\/2026\/01\/20260111_130913-1-scaled.jpg 1920w\" sizes=\"auto, (max-width: 768px) 100vw, 768px\" \/><\/figure>\n<\/div>\n<\/div>\n<\/div>\n\n\n\n<figure class=\"wp-block-gallery has-nested-images columns-default is-cropped wp-block-gallery-12 is-layout-flex wp-block-gallery-is-layout-flex\">\n<figure class=\"wp-block-image size-large\"><img loading=\"lazy\" decoding=\"async\" width=\"1024\" height=\"768\" data-id=\"221\" src=\"https:\/\/alkaliastudio.com\/wp-content\/uploads\/2026\/04\/regal_fornir_dab_1-1-1024x768.jpeg\" alt=\"\" class=\"wp-image-221\" srcset=\"https:\/\/alkaliastudio.com\/wp-content\/uploads\/2026\/04\/regal_fornir_dab_1-1-1024x768.jpeg 1024w, https:\/\/alkaliastudio.com\/wp-content\/uploads\/2026\/04\/regal_fornir_dab_1-1-300x225.jpeg 300w, https:\/\/alkaliastudio.com\/wp-content\/uploads\/2026\/04\/regal_fornir_dab_1-1-768x576.jpeg 768w, https:\/\/alkaliastudio.com\/wp-content\/uploads\/2026\/04\/regal_fornir_dab_1-1-1536x1152.jpeg 1536w, https:\/\/alkaliastudio.com\/wp-content\/uploads\/2026\/04\/regal_fornir_dab_1-1.jpeg 1600w\" sizes=\"auto, (max-width: 1024px) 100vw, 1024px\" \/><\/figure>\n\n\n\n<figure class=\"wp-block-image size-large\"><img loading=\"lazy\" decoding=\"async\" width=\"768\" height=\"1024\" data-id=\"215\" src=\"https:\/\/alkaliastudio.com\/wp-content\/uploads\/2026\/04\/regal_fornir_dab_2-768x1024.jpeg\" alt=\"\" class=\"wp-image-215\" srcset=\"https:\/\/alkaliastudio.com\/wp-content\/uploads\/2026\/04\/regal_fornir_dab_2-768x1024.jpeg 768w, https:\/\/alkaliastudio.com\/wp-content\/uploads\/2026\/04\/regal_fornir_dab_2-225x300.jpeg 225w, https:\/\/alkaliastudio.com\/wp-content\/uploads\/2026\/04\/regal_fornir_dab_2-1152x1536.jpeg 1152w, https:\/\/alkaliastudio.com\/wp-content\/uploads\/2026\/04\/regal_fornir_dab_2.jpeg 1200w\" sizes=\"auto, (max-width: 768px) 100vw, 768px\" \/><\/figure>\n\n\n\n<figure class=\"wp-block-image size-large\"><img loading=\"lazy\" decoding=\"async\" width=\"768\" height=\"1024\" data-id=\"219\" src=\"https:\/\/alkaliastudio.com\/wp-content\/uploads\/2026\/04\/regal_fornir_dab_3-768x1024.jpeg\" alt=\"\" class=\"wp-image-219\" srcset=\"https:\/\/alkaliastudio.com\/wp-content\/uploads\/2026\/04\/regal_fornir_dab_3-768x1024.jpeg 768w, https:\/\/alkaliastudio.com\/wp-content\/uploads\/2026\/04\/regal_fornir_dab_3-225x300.jpeg 225w, https:\/\/alkaliastudio.com\/wp-content\/uploads\/2026\/04\/regal_fornir_dab_3-1152x1536.jpeg 1152w, https:\/\/alkaliastudio.com\/wp-content\/uploads\/2026\/04\/regal_fornir_dab_3.jpeg 1200w\" sizes=\"auto, (max-width: 768px) 100vw, 768px\" \/><\/figure>\n<\/figure>\n","protected":false},"excerpt":{"rendered":"<p>Us\u0142ugi Stolarskie Galeria moich realizacji pokazuje, \u017ce ka\u017cde wn\u0119trze mo\u017ce by\u0107 wyj\u0105tkowe. Zobacz przyk\u0142ady prac, kt\u00f3re wykona\u0142em dla moich klient\u00f3w.<\/p>\n","protected":false},"author":1,"featured_media":0,"parent":0,"menu_order":0,"comment_status":"closed","ping_status":"closed","template":"","meta":{"footnotes":""},"class_list":["post-17","page","type-page","status-publish","hentry"],"jetpack_sharing_enabled":true,"_links":{"self":[{"href":"https:\/\/alkaliastudio.com\/index.php\/wp-json\/wp\/v2\/pages\/17","targetHints":{"allow":["GET"]}}],"collection":[{"href":"https:\/\/alkaliastudio.com\/index.php\/wp-json\/wp\/v2\/pages"}],"about":[{"href":"https:\/\/alkaliastudio.com\/index.php\/wp-json\/wp\/v2\/types\/page"}],"author":[{"embeddable":true,"href":"https:\/\/alkaliastudio.com\/index.php\/wp-json\/wp\/v2\/users\/1"}],"replies":[{"embeddable":true,"href":"https:\/\/alkaliastudio.com\/index.php\/wp-json\/wp\/v2\/comments?post=17"}],"version-history":[{"count":9,"href":"https:\/\/alkaliastudio.com\/index.php\/wp-json\/wp\/v2\/pages\/17\/revisions"}],"predecessor-version":[{"id":225,"href":"https:\/\/alkaliastudio.com\/index.php\/wp-json\/wp\/v2\/pages\/17\/revisions\/225"}],"wp:attachment":[{"href":"https:\/\/alkaliastudio.com\/index.php\/wp-json\/wp\/v2\/media?parent=17"}],"curies":[{"name":"wp","href":"https:\/\/api.w.org\/{rel}","templated":true}]}}